{"id":21889,"date":"2019-04-01T14:10:09","date_gmt":"2019-04-01T13:10:09","guid":{"rendered":"https:\/\/buru-beltza.com\/ou-trouver-nos-produits\/"},"modified":"2019-08-01T16:31:11","modified_gmt":"2019-08-01T15:31:11","slug":"ou-trouver-nos-produits","status":"publish","type":"page","link":"https:\/\/buru-beltza.com\/eu\/ou-trouver-nos-produits\/","title":{"rendered":"GURE PRODUKTUAK ATXEMAN"},"content":{"rendered":"<section id=\"Fromage\" class=\"vc_row wpb_row vc_row-fluid  vc_custom_1554123219790 wow fadeIn vc_row-o-equal-height vc_row-o-content-middle vc_row-flex\"><div class=\"wpb_column vc_column_container vc_col-sm-12  col-xs-mobile-fullwidth\"><div class=\"vc_column-inner vc_custom_1552491739030\"><div class=\"wpb_wrapper\"><div class=\"last-paragraph-no-margin\"><div id=\"sb-google-map-1\" map-id=\"1\" class=\"sb-map\" zoom=\"11\" maptype=\"ROADMAP\" pancontrol=\"yes\" pancontrol_position=\"TOP_LEFT\" zoomcontrol=\"yes\" zoomcontrol_position=\"TOP_LEFT\" zoomcontrolstyle=\"DEFAULT\" maptypecontrol=\"yes\" maptypecontrol_position=\"TOP_RIGHT\" streetviewcontrol=\"yes\" streetviewcontrol_position=\"TOP_LEFT\" overviewmapcontrol=\"yes\" overviewmapcontrolvisible=\"yes\" maptypecontrolstyle=\"DEFAULT\" mapstyle=\"style-43\" weather=\"no\" traffic=\"no\" transit=\"no\" bicycle=\"no\" panoramio=\"no\" draggable=\"yes\" scrollwheel=\"no\" cplatitude=\"0\" cplongitude=\"0\" scalecontrol=\"yes\" searchtype=\"disabled\" searchradius=\"500\" searchiconanimation=\"NONE\" searchdirectiontext=\"view directions\" reloadonresize=\"yes\" clustering=\"no\" style=\"width:100%;height:700px\"><div class=\"sb-marker\" data-lat=\"43.255885554046\" data-lng=\"-1.0713347034658\" infowindow=\"no\" icon=\"https:\/\/buru-beltza.com\/wp-content\/plugins\/sb-google-map\/assets\/img\/icons\/blue-6.png\" animation=\"NONE\">Fromage collectif au lait cru<br>\r\n Association Buru Beltza<br> Ostabat-Asme <br> Tomme de Brebis Buru Beltza AOP Ossau Iraty <br> sur commande au 06 75 88 64 51<br \/><a target=\"_blank\" href=\"https:\/\/maps.google.com\/?daddr=43.255885554046,-1.0713347034658\">S\\'y rendre<\/a><\/div><div class=\"sb-marker\" data-lat=\"43.0957166\" data-lng=\"-1.2883263\" infowindow=\"no\" icon=\"https:\/\/buru-beltza.com\/wp-content\/plugins\/sb-google-map\/assets\/img\/icons\/green-6.png\" animation=\"NONE\">Kattin Camino <br>\r\nArgaia - 64220 ARNEGUY\r\n\r\n<a href=\"https:\/\/www.producteurs-fermiers-pays-basque.fr\/fr\/producteur\/argaia-camino-kattin\/\" target=\"_blank\" >\t\t\t\t\t\t\t\t\t\t\t<div class=\"caption\">En savoir + sur Kattin<\/div>\t\t\t<\/a><br \/><a target=\"_blank\" href=\"https:\/\/maps.google.com\/?daddr=43.0957166,-1.2883263\">S\\'y rendre<\/a><\/div><div class=\"sb-marker\" data-lat=\"43.2269921\" data-lng=\"-1.2073576\" infowindow=\"no\" icon=\"https:\/\/buru-beltza.com\/wp-content\/plugins\/sb-google-map\/assets\/img\/icons\/green-6.png\" animation=\"NONE\">Peio Eliceits <br>\r\nGaratea\r\nSuhescun\r\nSuhescun <br> \r\n <br> Tomme de Brebis Manex T\u00eate Noire AOP <br> Agneaux <br> en vente \u00e0 la ferme  sur rdv <br> au 06 86 72 70 14<br \/><a target=\"_blank\" href=\"https:\/\/maps.google.com\/?daddr=43.2269921,-1.2073576\">S\\'y rendre<\/a><\/div><div class=\"sb-marker\" data-lat=\"43.194277\" data-lng=\"-1.0585767\" infowindow=\"no\" icon=\"https:\/\/buru-beltza.com\/wp-content\/plugins\/sb-google-map\/assets\/img\/icons\/green-6.png\" animation=\"NONE\">GAEC EKIBEGIA <br>\r\nApetxia - 64120\r\nSt-Just-Ibarre\r\nhttps:\/\/www.producteurs-fermiers-pays-basque.fr\/fr\/producteur\/ekibegia\/<br \/><a target=\"_blank\" href=\"https:\/\/maps.google.com\/?daddr=43.194277,-1.0585767\">S\\'y rendre<\/a><\/div><div class=\"sb-marker\" data-lat=\"43.1352755\" data-lng=\"-1.2140419\" infowindow=\"no\" icon=\"https:\/\/buru-beltza.com\/wp-content\/plugins\/sb-google-map\/assets\/img\/icons\/green-6.png\" animation=\"NONE\">Argitxu et Estebe Ouret <br>GAEC Bi Herri\r\nEtcheberrigaraia - \r\n64220\r\nAincille<br \/><a target=\"_blank\" href=\"https:\/\/maps.google.com\/?daddr=43.1352755,-1.2140419\">S\\'y rendre<\/a><\/div><div class=\"sb-marker\" data-lat=\"43.233362199989\" data-lng=\"-1.0962132312465\" infowindow=\"no\" icon=\"https:\/\/buru-beltza.com\/wp-content\/plugins\/sb-google-map\/assets\/img\/icons\/green-6.png\" animation=\"NONE\">Ferme Ilharreborda <br>\r\nLarceveau <br>\r\nTomme de Manex T\u00eate Noire Aop Ossau Iraty en vente \u00e0 la ferme <br> sur Rdv au 06.15.96.08.04<br \/><a target=\"_blank\" href=\"https:\/\/maps.google.com\/?daddr=43.233362199989,-1.0962132312465\">S\\'y rendre<\/a><\/div><div class=\"sb-marker\" data-lat=\"43.145014326429\" data-lng=\"-1.1917688389703\" infowindow=\"no\" icon=\"https:\/\/buru-beltza.com\/wp-content\/plugins\/sb-google-map\/assets\/img\/icons\/green-6.png\" animation=\"NONE\">Jean Bernard Maitia <br> Ferme Landartia <br> Aincille <br> Agneaux Manex T\u00eate Noire \u00e0 la ferme <br> sur rdv au 06 30 58 94 68<br \/><a target=\"_blank\" href=\"https:\/\/maps.google.com\/?daddr=43.145014326429,-1.1917688389703\">S\\'y rendre<\/a><\/div><div class=\"sb-marker\" data-lat=\"43.427575693589\" data-lng=\"-1.2578324565617\" infowindow=\"no\" icon=\"https:\/\/buru-beltza.com\/wp-content\/plugins\/sb-google-map\/assets\/img\/icons\/green-6.png\" animation=\"NONE\">Julia et Sylvain Aime <br> La Bastide Clairence <br>\r\nTomme Manex T\u00eate Noire et Rousse Bio et AOP <br> agneaux Manex T\u00eate Noire en vente \u00e0 la ferme <br> Sur rdv au 06 20 22 76 34<br \/><a target=\"_blank\" href=\"https:\/\/maps.google.com\/?daddr=43.427575693589,-1.2578324565617\">S\\'y rendre<\/a><\/div><div class=\"sb-marker\" data-lat=\"43.193116970929\" data-lng=\"-0.96787345074069\" infowindow=\"no\" icon=\"https:\/\/buru-beltza.com\/wp-content\/plugins\/sb-google-map\/assets\/img\/icons\/green-6.png\" animation=\"NONE\">Lucie et Ximun Lucu <br> Musculdy <br> vente \u00e0 la ferme Tomme Manex T\u00eate Noire AOP Ossau Iraty et Merguez de Brebis<br> sur rdv au 06 89 08 12 09<br \/><a target=\"_blank\" href=\"https:\/\/maps.google.com\/?daddr=43.193116970929,-0.96787345074069\">S\\'y rendre<\/a><\/div><div class=\"sb-marker\" data-lat=\"43.073298084401\" data-lng=\"-1.4128049857238\" infowindow=\"no\" icon=\"https:\/\/buru-beltza.com\/wp-content\/plugins\/sb-google-map\/assets\/img\/icons\/green-6.png\" animation=\"NONE\">Christian Etchebarren <br> Urepel <br> vente \u00e0 la ferme d'Agneaux Manex T\u00eate Noire <br> sur rdv au 07 81 61 62 80<br \/><a target=\"_blank\" href=\"https:\/\/maps.google.com\/?daddr=43.073298084401,-1.4128049857238\">S\\'y rendre<\/a><\/div><div class=\"sb-marker\" data-lat=\"43.066150135048\" data-lng=\"-1.4049085624014\" infowindow=\"no\" icon=\"https:\/\/buru-beltza.com\/wp-content\/plugins\/sb-google-map\/assets\/img\/icons\/green-6.png\" animation=\"NONE\">Miren Aire <br> Urepel <br> Fromage frais et yaourts de Manex T\u00eate Noire (de janvier \u00e0 juin) <br> sur rdv au 06 80 42 27 88 <br><br \/><a target=\"_blank\" href=\"https:\/\/maps.google.com\/?daddr=43.066150135048,-1.4049085624014\">S\\'y rendre<\/a><\/div><div class=\"sb-marker\" data-lat=\"43.181771265818\" data-lng=\"-1.0419667089556\" infowindow=\"no\" icon=\"https:\/\/buru-beltza.com\/wp-content\/plugins\/sb-google-map\/assets\/img\/icons\/green-6.png\" animation=\"NONE\">Xaxi Erdozain\u00e7y <br> St Just Ibarre <br> Tomme d'estives et agneaux <br> sur rdv au 06 10 03 54 07<br \/><a target=\"_blank\" href=\"https:\/\/maps.google.com\/?daddr=43.181771265818,-1.0419667089556\">S\\'y rendre<\/a><\/div><div class=\"sb-marker\" data-lat=\"43.152296848396\" data-lng=\"-0.88629783493243\" infowindow=\"no\" icon=\"https:\/\/buru-beltza.com\/wp-content\/plugins\/sb-google-map\/assets\/img\/icons\/green-6.png\" animation=\"NONE\">Gaec Jauregizahar <br>\r\nSaugis <br> \r\nViande d'Agneau, Mouton<br>  Fromage blanc et Tomme <br> sur rdv au 05 59 28 58 11<br \/><a target=\"_blank\" href=\"https:\/\/maps.google.com\/?daddr=43.152296848396,-0.88629783493243\">S\\'y rendre<\/a><\/div><div class=\"sb-marker\" data-lat=\"43.074398583581\" data-lng=\"-0.90242494421654\" infowindow=\"no\" icon=\"https:\/\/buru-beltza.com\/wp-content\/plugins\/sb-google-map\/assets\/img\/icons\/green-6.png\" animation=\"NONE\">Ferme Hoilly <br> Etchebar <br> Tomme de Manex T\u00eate Noire lait cru <br> Breuil <br> sur demande au 06 74 74 32 77<br \/><a target=\"_blank\" href=\"https:\/\/maps.google.com\/?daddr=43.074398583581,-0.90242494421654\">S\\'y rendre<\/a><\/div><div class=\"sb-marker\" data-lat=\"43.193456842481\" data-lng=\"-1.2716977221161\" infowindow=\"no\" icon=\"https:\/\/buru-beltza.com\/wp-content\/plugins\/sb-google-map\/assets\/img\/icons\/green-6.png\" animation=\"NONE\">Ferme Elurti <br>\r\nAscarat <br>\r\nTomme de Manex T\u00eate Noire lait cru \r\n<br> Fromageons <br> Breuil <br> Caill\u00e9s <br> sur demande au 06 76 23 97 09<br \/><a target=\"_blank\" href=\"https:\/\/maps.google.com\/?daddr=43.193456842481,-1.2716977221161\">S\\'y rendre<\/a><\/div><div class=\"sb-marker\" data-lat=\"43.0187556\" data-lng=\"-0.95571666666667\" infowindow=\"no\" icon=\"https:\/\/buru-beltza.com\/wp-content\/plugins\/sb-google-map\/assets\/img\/icons\/green-6.png\" animation=\"NONE\">Ferme Hegoa <br>\r\nTomme de Brebis Manex T\u00eate Noire au lait cru <br> sur demande au 06 31 98 97 89<br \/><a target=\"_blank\" href=\"https:\/\/maps.google.com\/?daddr=43.0187556,-0.95571666666667\">S\\'y rendre<\/a><\/div><div class=\"sb-marker\" data-lat=\"43.107459600386\" data-lng=\"-1.1946724038936\" infowindow=\"no\" icon=\"https:\/\/buru-beltza.com\/wp-content\/plugins\/sb-google-map\/assets\/img\/icons\/green-6.png\" animation=\"NONE\">Ferme Paulenea <br>\r\nChristelle et David Irola <br> Gaec Iraunkor <br> Esteren\u00e7uby <br> Tomme de brebis Manex T\u00eate Noire <br> Sur rdv aurola-david\/ 05 59 37 26 92 - 06 81 91 73 38 <br> https:\/\/www.producteurs-fermiers-pays-basque.fr\/fr\/producteur\/i<br \/><a target=\"_blank\" href=\"https:\/\/maps.google.com\/?daddr=43.107459600386,-1.1946724038936\">S\\'y rendre<\/a><\/div><div class=\"sb-marker\" data-lat=\"43.124599176203\" data-lng=\"-1.3698417307248\" infowindow=\"no\" icon=\"https:\/\/buru-beltza.com\/wp-content\/plugins\/sb-google-map\/assets\/img\/icons\/green-6.png\" animation=\"NONE\">Be\u00f1at Inchausp\u00e9 <br>\r\nBanca <br>\r\nAgneau Manex T\u00eate Noire <br>\r\nsur demande au : 06 70 76 84 85<br \/><a target=\"_blank\" href=\"https:\/\/maps.google.com\/?daddr=43.124599176203,-1.3698417307248\">S\\'y rendre<\/a><\/div><div class=\"sb-marker\" data-lat=\"43.165096748595\" data-lng=\"-1.0289114493499\" infowindow=\"no\" icon=\"https:\/\/buru-beltza.com\/wp-content\/plugins\/sb-google-map\/assets\/img\/icons\/green-6.png\" animation=\"NONE\">Perrine D\u00e9carsin et Bastien Cecchetto <br>\r\n\r\nGAEC Arla <br> Saint Just-Ibarre <br> Crottins, buches, yaourts, laukia (type reblochon), fet\u2019arla, yaourts, tomme AOP Ossau-Iraty, breuil. Merguez et saucisses de mouton, agneau de lait. <br> Sur demande au 06.70.33.20.00-06.14.44.62.17<br \/><a target=\"_blank\" href=\"https:\/\/maps.google.com\/?daddr=43.165096748595,-1.0289114493499\">S\\'y rendre<\/a><\/div><div class=\"sb-marker\" data-lat=\"43.238530564482\" data-lng=\"-1.2826917442112\" infowindow=\"no\" icon=\"https:\/\/buru-beltza.com\/wp-content\/plugins\/sb-google-map\/assets\/img\/icons\/green-6.png\" animation=\"NONE\">Elorri Aycaguer <br> Maison Murgia <br> Oss\u00e8s 64780 <br> Agneau de lait <br> Fromage de brebis de la ferme et de l\u2019estive AOP\/BIO\/IDOKI <br> Sur rdv au 06 71 36 47 62\r\n<br>\r\nhttps:\/\/www.producteurs-fermiers-pays-basque.fr\/fr\/producteur\/murgia\/<br \/><a target=\"_blank\" href=\"https:\/\/maps.google.com\/?daddr=43.238530564482,-1.2826917442112\">S\\'y rendre<\/a><\/div><div class=\"sb-marker\" data-lat=\"43.171170379882\" data-lng=\"-1.2974203916066\" infowindow=\"no\" icon=\"https:\/\/buru-beltza.com\/wp-content\/plugins\/sb-google-map\/assets\/img\/icons\/green-6.png\" animation=\"NONE\">Nadia Ansolabehere <br> Maison Olarizu <br> Anhaux 64220 <br>\r\nvente d'Agneau <br>\r\nAOP BIO <br>\r\nSur rdv au 06 63 08 49 85<br \/><a target=\"_blank\" href=\"https:\/\/maps.google.com\/?daddr=43.171170379882,-1.2974203916066\">S\\'y rendre<\/a><\/div><div class=\"sb-marker\" data-lat=\"43.117647097269\" data-lng=\"-1.3663456397704\" infowindow=\"no\" icon=\"https:\/\/buru-beltza.com\/wp-content\/plugins\/sb-google-map\/assets\/img\/icons\/green-6.png\" animation=\"NONE\">Michel O\u00e7afrain <br> Maison Irioina <br> Banca 64430 <br> vente d'Agneau, caissette de 6 \u00e08 kg <br> Sur rdv au 06 89 87 88 22<br \/><a target=\"_blank\" href=\"https:\/\/maps.google.com\/?daddr=43.117647097269,-1.3663456397704\">S\\'y rendre<\/a><\/div><div class=\"sb-marker\" data-lat=\"43.157936381229\" data-lng=\"-1.2208512475479\" infowindow=\"no\" icon=\"https:\/\/buru-beltza.com\/wp-content\/plugins\/sb-google-map\/assets\/img\/icons\/green-6.png\" animation=\"NONE\">Martin Lebourgeois <br> Caro <br> vente de tommes et tommettes de brebis Manex T\u00eate Noire <br> Sur rdv au 06 83 03 01 91<br \/><a target=\"_blank\" href=\"https:\/\/maps.google.com\/?daddr=43.157936381229,-1.2208512475479\">S\\'y rendre<\/a><\/div><div class=\"sb-marker\" data-lat=\"43.152257712797\" data-lng=\"-0.88668407340303\" infowindow=\"no\" icon=\"https:\/\/buru-beltza.com\/wp-content\/plugins\/sb-google-map\/assets\/img\/icons\/green-6.png\" animation=\"NONE\">Th\u00e9r\u00e8se et Bettan Hoqui  <br> Ferme Jauregizahar <br> Saugis-Saint-Etienne <br> vente de tommes de brebis Manex T\u00eate Noire <br> Sur rdv au 05 59 28 58 11\r\n<br> https:\/\/www.producteurs-fermiers-pays-basque.fr\/fr\/producteur\/jauregizahar\/<br \/><a target=\"_blank\" href=\"https:\/\/maps.google.com\/?daddr=43.152257712797,-0.88668407340303\">S\\'y rendre<\/a><\/div><div class=\"sb-marker\" data-lat=\"43.258559981296\" data-lng=\"-1.3236724899719\" infowindow=\"no\" icon=\"https:\/\/buru-beltza.com\/wp-content\/plugins\/sb-google-map\/assets\/img\/icons\/green-6.png\" animation=\"NONE\">Yoan Laxague <br>\r\nFerme Lekukoa <br>\r\nArrosa <br>\r\nTomme, yaourts, lait, cr\u00e8me de brebis Manex T\u00eate Noire <br> sur rdv au 06 71 49 71 49<br \/><a target=\"_blank\" href=\"https:\/\/maps.google.com\/?daddr=43.258559981296,-1.3236724899719\">S\\'y rendre<\/a><\/div><\/div>\n<\/div><\/div><\/div><\/div><\/section>\n","protected":false},"excerpt":{"rendered":"Fromage collectif au lait cru Association Buru Beltza Ostabat-Asme Tomme de Brebis Buru Beltza AOP Ossau Iraty sur commande au 06 75 88 64 51S\\'y rendreKattin Camino Argaia - 64220 ARNEGUY En savoir + sur Kattin S\\'y rendrePeio Eliceits Garatea Suhescun Suhescun Tomme de Brebis Manex T\u00eate Noire AOP Agneaux en vente \u00e0 la ferme sur rdv au 06 86 72 70 14S\\'y rendreGAEC EKIBEGIA Apetxia - 64120 St-Just-Ibarre https:\/\/www.producteurs-fermiers-pays-basque.fr\/fr\/producteur\/ekibegia\/S\\'y rendreArgitxu et Estebe Ouret GAEC Bi Herri Etcheberrigaraia - 64220 AincilleS\\'y rendreFerme Ilharreborda Larceveau Tomme de Manex T\u00eate Noire Aop Ossau Iraty en vente \u00e0 la ferme sur Rdv au 06.15.96.08.04S\\'y rendreJean Bernard Maitia Ferme Landartia Aincille Agneaux Manex T\u00eate Noire \u00e0 la ferme sur rdv au 06 30 58 94 68S\\'y rendreJulia et Sylvain Aime La Bastide Clairence Tomme Manex T\u00eate Noire et Rousse Bio et AOP agneaux Manex T\u00eate Noire en vente \u00e0 la ferme Sur rdv au 06 20 22 76 34S\\'y rendreLucie et Ximun Lucu Musculdy vente \u00e0 la ferme Tomme Manex T\u00eate Noire AOP Ossau Iraty et Merguez de Brebis sur rdv au 06 89 08 12 09S\\'y rendreChristian Etchebarren Urepel vente \u00e0 la ferme d'Agneaux Manex T\u00eate Noire sur rdv au 07 81 61...","protected":false},"author":2,"featured_media":0,"parent":0,"menu_order":0,"comment_status":"closed","ping_status":"closed","template":"","meta":[],"yoast_head":"<!-- This site is optimized with the Yoast SEO plugin v15.7 - https:\/\/yoast.com\/wordpress\/plugins\/seo\/ -->\n<title>GURE PRODUKTUAK ATXEMAN | Buru Beltza<\/title>\n<meta name=\"robots\" content=\"index, follow, max-snippet:-1, max-image-preview:large, max-video-preview:-1\" \/>\n<link rel=\"canonical\" href=\"https:\/\/buru-beltza.com\/eu\/ou-trouver-nos-produits\/\" \/>\n<meta property=\"og:locale\" content=\"en_US\" \/>\n<meta property=\"og:type\" content=\"article\" \/>\n<meta property=\"og:title\" content=\"GURE PRODUKTUAK ATXEMAN | Buru Beltza\" \/>\n<meta property=\"og:url\" content=\"https:\/\/buru-beltza.com\/eu\/ou-trouver-nos-produits\/\" \/>\n<meta property=\"og:site_name\" content=\"Buru Beltza\" \/>\n<meta property=\"article:publisher\" content=\"https:\/\/www.facebook.com\/Association-Buru-Beltza-661428504043495\/\" \/>\n<meta property=\"article:modified_time\" content=\"2019-08-01T15:31:11+00:00\" \/>\n<meta name=\"twitter:card\" content=\"summary_large_image\" \/>\n<script type=\"application\/ld+json\" class=\"yoast-schema-graph\">{\"@context\":\"https:\/\/schema.org\",\"@graph\":[{\"@type\":\"Organization\",\"@id\":\"https:\/\/buru-beltza.com\/#organization\",\"name\":\"BURU BELTZA\",\"url\":\"https:\/\/buru-beltza.com\/\",\"sameAs\":[\"https:\/\/www.facebook.com\/Association-Buru-Beltza-661428504043495\/\"],\"logo\":{\"@type\":\"ImageObject\",\"@id\":\"https:\/\/buru-beltza.com\/#logo\",\"inLanguage\":\"eu\",\"url\":\"https:\/\/buru-beltza.com\/wp-content\/uploads\/2019\/01\/LOGO-BURU-BELTZAX2.png\",\"width\":1081,\"height\":465,\"caption\":\"BURU BELTZA\"},\"image\":{\"@id\":\"https:\/\/buru-beltza.com\/#logo\"}},{\"@type\":\"WebSite\",\"@id\":\"https:\/\/buru-beltza.com\/#website\",\"url\":\"https:\/\/buru-beltza.com\/\",\"name\":\"Buru Beltza\",\"description\":\"Manex T\\u00eate Noire\",\"publisher\":{\"@id\":\"https:\/\/buru-beltza.com\/#organization\"},\"potentialAction\":[{\"@type\":\"SearchAction\",\"target\":\"https:\/\/buru-beltza.com\/?s={search_term_string}\",\"query-input\":\"required name=search_term_string\"}],\"inLanguage\":\"eu\"},{\"@type\":\"WebPage\",\"@id\":\"https:\/\/buru-beltza.com\/eu\/ou-trouver-nos-produits\/#webpage\",\"url\":\"https:\/\/buru-beltza.com\/eu\/ou-trouver-nos-produits\/\",\"name\":\"GURE PRODUKTUAK ATXEMAN | Buru Beltza\",\"isPartOf\":{\"@id\":\"https:\/\/buru-beltza.com\/#website\"},\"datePublished\":\"2019-04-01T13:10:09+00:00\",\"dateModified\":\"2019-08-01T15:31:11+00:00\",\"inLanguage\":\"eu\",\"potentialAction\":[{\"@type\":\"ReadAction\",\"target\":[\"https:\/\/buru-beltza.com\/eu\/ou-trouver-nos-produits\/\"]}]}]}<\/script>\n<!-- \/ Yoast SEO plugin. -->","_links":{"self":[{"href":"https:\/\/buru-beltza.com\/eu\/wp-json\/wp\/v2\/pages\/21889"}],"collection":[{"href":"https:\/\/buru-beltza.com\/eu\/wp-json\/wp\/v2\/pages"}],"about":[{"href":"https:\/\/buru-beltza.com\/eu\/wp-json\/wp\/v2\/types\/page"}],"author":[{"embeddable":true,"href":"https:\/\/buru-beltza.com\/eu\/wp-json\/wp\/v2\/users\/2"}],"replies":[{"embeddable":true,"href":"https:\/\/buru-beltza.com\/eu\/wp-json\/wp\/v2\/comments?post=21889"}],"version-history":[{"count":1,"href":"https:\/\/buru-beltza.com\/eu\/wp-json\/wp\/v2\/pages\/21889\/revisions"}],"predecessor-version":[{"id":21899,"href":"https:\/\/buru-beltza.com\/eu\/wp-json\/wp\/v2\/pages\/21889\/revisions\/21899"}],"wp:attachment":[{"href":"https:\/\/buru-beltza.com\/eu\/wp-json\/wp\/v2\/media?parent=21889"}],"curies":[{"name":"wp","href":"https:\/\/api.w.org\/{rel}","templated":true}]}}