{"id":21882,"date":"2019-01-22T16:49:51","date_gmt":"2019-01-22T15:49:51","guid":{"rendered":"https:\/\/buru-beltza.com\/accueil\/"},"modified":"2023-05-09T13:32:49","modified_gmt":"2023-05-09T12:32:49","slug":"accueil","status":"publish","type":"page","link":"https:\/\/buru-beltza.com\/eu\/","title":{"rendered":"HASIERA"},"content":{"rendered":"<section data-vc-full-width=\"true\" data-vc-full-width-init=\"false\" data-vc-stretch-content=\"true\" class=\"vc_row wpb_row vc_row-fluid  vc_custom_1548235779961 pofo-stretch-content vc_row-no-padding pofo-row-responsive-69f58f8dd6b59\"><div class=\"wpb_column vc_column_container vc_col-sm-12  col-xs-mobile-fullwidth\"><div class=\"vc_column-inner \"><div class=\"wpb_wrapper\">[rev_slider_vc alias=&#8221;buru-beltza&#8221;]<\/div><\/div><\/div><\/section><div class=\"vc_row-full-width vc_clearfix\"><\/div><section data-vc-full-width=\"true\" data-vc-full-width-init=\"false\" class=\"vc_row wpb_row vc_row-fluid   wow fadeIn pofo-stretch-content pofo-stretch-row-container vc_row-o-equal-height vc_row-o-content-middle vc_row-flex\"><div class=\"wpb_column vc_column_container vc_col-sm-6 vc_col-lg-3 vc_col-md-6 vc_col-xs-12 wow fadeIn pofo-column-responsive-69f58f8dd6c59\"><div class=\"vc_column-inner \"><div class=\"wpb_wrapper\">[vc_single_image image=&#8221;21354&#8243; img_size=&#8221;full&#8221; alignment=&#8221;center&#8221;]<\/div><\/div><\/div><div class=\"wpb_column vc_column_container vc_col-sm-6 vc_col-lg-3 vc_col-md-6 vc_col-xs-12 wow fadeIn\"><div class=\"vc_column-inner vc_custom_1548242536554\"><div class=\"wpb_wrapper\">[vc_single_image image=&#8221;21355&#8243; img_size=&#8221;full&#8221; alignment=&#8221;center&#8221;]<\/div><\/div><\/div><div class=\"wpb_column vc_column_container vc_col-has-fill vc_col-sm-12 vc_col-lg-6 vc_col-md-12 vc_col-xs-12 wow fadeIn sm-text-center xs-text-center pofo-column-responsive-69f58f8dd6cb1\"><div class=\"vc_column-inner cover-background vc_custom_1507206221536\"><div class=\"wpb_wrapper\"><h1 class=\"text-extra-large margin-25px-bottom display-inline-block alt-font heading-style3  vc_custom_1566319355567 pofo-button-responsive-69f58f8dd6d19  heading-1\"  style=\"font-size: 35px; font-weight: 700;\" data-fontsize=\"35px\">Buru Beltza , etorkizuneko ardia<\/h1><div class=\" vc_custom_1566319727271 last-paragraph-no-margin pofo-text-block-responsive-69f58f8dd6d32\"><p>Buru beltzekin ari diren etxaldeak, gehienetan mendietako etxalde ttipiak dira. Lurralde horiek bizirik mantentzen dituzte, ingurumen eta sozial arloan diren erronka nagusier erantzun positibo bat ekarriz.<\/p>\n<\/div><a  href=\"https:\/\/buru-beltza.com\/la-race-manex-tete-noire\/\" target=\"_self\" class=\"btn pofo-button-1 button-style1  btn-dark-gray  btn-small \" >En savoir +<\/a><\/div><\/div><\/div><\/section><div class=\"vc_row-full-width vc_clearfix\"><\/div><section data-vc-full-width=\"true\" data-vc-full-width-init=\"false\" data-vc-stretch-content=\"true\" class=\"vc_row wpb_row vc_row-fluid  vc_custom_1507524288925 pofo-stretch-content pofo-row-responsive-69f58f8dd6d97\"><div class=\"wpb_column vc_column_container vc_col-sm-12 vc_col-md-4 col-xs-mobile-fullwidth pofo-column-responsive-69f58f8dd6dea\"><div class=\"vc_column-inner \"><div class=\"wpb_wrapper\"><div class=\"featurebox18 pofo-featurebox banner-style2 featurebox18-1\" ><figure><div class=\"banner-image bg-black height-400px cover-background height-350px bg-image-srcset\" style=\"background-image:url('https:\/\/buru-beltza.com\/wp-content\/uploads\/2019\/01\/BURU-BELTZA-PRODUITS.jpg');\" data-bg-srcset=\"https:\/\/buru-beltza.com\/wp-content\/uploads\/2019\/01\/BURU-BELTZA-PRODUITS.jpg 800w, https:\/\/buru-beltza.com\/wp-content\/uploads\/2019\/01\/BURU-BELTZA-PRODUITS-300x263.jpg 300w, https:\/\/buru-beltza.com\/wp-content\/uploads\/2019\/01\/BURU-BELTZA-PRODUITS-768x672.jpg 768w, https:\/\/buru-beltza.com\/wp-content\/uploads\/2019\/01\/BURU-BELTZA-PRODUITS-81x71.jpg 81w\"><\/div><figcaption class=\"padding-seven-all bg-white last-paragraph-no-margin\"  style=\"background-color:rgba(0,0,0,0.85) !important;\"><div class=\"display-table width-100 height-100\"><div class=\"display-table-cell vertical-align-middle\"><span class=\"text-medium-gray alt-font\" style=\"color: #939393;\">BURU BELTZA<\/span><span class=\"text-large font-weight-600 text-extra-dark-gray alt-font padding-15px-bottom display-block\" style=\"color: #ffffff;\">GURE PRODUKTUAK<\/span><div class=\"last-paragraph-no-margin\"><p><span style=\"color: #ffffff;\">Buru beltzen produktuak aurki itzazu gasna, axuria&#8230;<\/span><\/p>\n<\/div><a class=\"btn btn-dark-gray btn-small margin-30px-top\" target=\"_self\" href=\"https:\/\/buru-beltza.com\/ou-trouver-nos-produits\/\">EN SAVOIR +<\/a><\/div><\/div><\/figcaption><\/figure><\/div><\/div><\/div><\/div><div class=\"wpb_column vc_column_container vc_col-sm-12 vc_col-md-4 col-xs-mobile-fullwidth pofo-column-responsive-69f58f8dd716d\"><div class=\"vc_column-inner \"><div class=\"wpb_wrapper\"><div class=\"featurebox18 pofo-featurebox banner-style2 featurebox18-2\" ><figure><div class=\"banner-image bg-black height-400px cover-background height-350px bg-image-srcset\" style=\"background-image:url('https:\/\/buru-beltza.com\/wp-content\/uploads\/2019\/01\/BURU-BELTZA-ANNONCES-3.jpg');\" data-bg-srcset=\"https:\/\/buru-beltza.com\/wp-content\/uploads\/2019\/01\/BURU-BELTZA-ANNONCES-3.jpg 800w, https:\/\/buru-beltza.com\/wp-content\/uploads\/2019\/01\/BURU-BELTZA-ANNONCES-3-300x263.jpg 300w, https:\/\/buru-beltza.com\/wp-content\/uploads\/2019\/01\/BURU-BELTZA-ANNONCES-3-768x672.jpg 768w, https:\/\/buru-beltza.com\/wp-content\/uploads\/2019\/01\/BURU-BELTZA-ANNONCES-3-81x71.jpg 81w\"><\/div><figcaption class=\"padding-seven-all bg-white last-paragraph-no-margin\"  style=\"background-color:rgba(0,0,0,0.85) !important;\"><div class=\"display-table width-100 height-100\"><div class=\"display-table-cell vertical-align-middle\"><span class=\"text-medium-gray alt-font\" style=\"color: #939393;\">BURU BELTZA<\/span><span class=\"text-large font-weight-600 text-extra-dark-gray alt-font padding-15px-bottom display-block\" style=\"color: #ffffff;\">ABISUAK<\/span><div class=\"last-paragraph-no-margin\"><p><span style=\"color: #000000;\"><span style=\"color: #ffffff;\">Kideen arteko abisuak <\/span><br \/>\n<\/span><\/p>\n<\/div><a class=\"btn btn-dark-gray btn-small margin-30px-top\" target=\"_self\" href=\"https:\/\/buru-beltza.com\/annonces\/\">EN SAVOIR +<\/a><\/div><\/div><\/figcaption><\/figure><\/div><\/div><\/div><\/div><div class=\"wpb_column vc_column_container vc_col-sm-12 vc_col-md-4 col-xs-mobile-fullwidth\"><div class=\"vc_column-inner \"><div class=\"wpb_wrapper\"><div class=\"featurebox18 pofo-featurebox banner-style2 featurebox18-3\" ><figure><div class=\"banner-image bg-black height-400px cover-background height-350px bg-image-srcset\" style=\"background-image:url('https:\/\/buru-beltza.com\/wp-content\/uploads\/2019\/01\/BURU-BELTZA-ASSOCIATION.jpg');\" data-bg-srcset=\"https:\/\/buru-beltza.com\/wp-content\/uploads\/2019\/01\/BURU-BELTZA-ASSOCIATION.jpg 800w, https:\/\/buru-beltza.com\/wp-content\/uploads\/2019\/01\/BURU-BELTZA-ASSOCIATION-300x263.jpg 300w, https:\/\/buru-beltza.com\/wp-content\/uploads\/2019\/01\/BURU-BELTZA-ASSOCIATION-768x672.jpg 768w, https:\/\/buru-beltza.com\/wp-content\/uploads\/2019\/01\/BURU-BELTZA-ASSOCIATION-81x71.jpg 81w\"><\/div><figcaption class=\"padding-seven-all bg-white last-paragraph-no-margin\"  style=\"background-color:rgba(0,0,0,0.85) !important;\"><div class=\"display-table width-100 height-100\"><div class=\"display-table-cell vertical-align-middle\"><span class=\"text-medium-gray alt-font\" style=\"color: #ffffff;\">BURU BELTZA<\/span><span class=\"text-large font-weight-600 text-extra-dark-gray alt-font padding-15px-bottom display-block\" style=\"color: #ffffff;\">ELKARTEA<\/span><div class=\"last-paragraph-no-margin\"><p><span style=\"color: #ffffff;\">Aitzinera ezarri arrazaren eta mendia erabiltzen duten sistimen garrantzia<\/span><\/p>\n<\/div><a class=\"btn btn-dark-gray btn-small margin-30px-top\" target=\"_self\" href=\"https:\/\/buru-beltza.com\/association\/\">En savoir +<\/a><\/div><\/div><\/figcaption><\/figure><\/div><\/div><\/div><\/div><\/section><div class=\"vc_row-full-width vc_clearfix\"><\/div><section class=\"vc_row wpb_row vc_row-fluid  vc_custom_1507203335493 wow fadeIn\"><div class=\"wpb_column vc_column_container vc_col-sm-12  col-xs-mobile-fullwidth text-center\"><div class=\"vc_column-inner \"><div class=\"wpb_wrapper\"><div class=\"text-medium-gray text-small margin-5px-bottom alt-font text-uppercase heading-style4  vc_custom_1548172798648  heading-2\" >Buru Beltza<\/div><h5 class=\"text-extra-dark-gray margin-20px-bottom font-weight-600 display-inline-block alt-font text-uppercase heading-style2  vc_custom_1566319993934  heading-3\"  style=\"font-weight: 700;\">Gure azken berriak<\/h5><div class=\"separator-line-horrizontal-full bg-extra-light-gray center-col pofo-separator\" style=\"background-color:#97bf0d; width: 100px;\"><\/div><\/div><\/div><\/div><\/section><section class=\"vc_row wpb_row vc_row-fluid  vc_custom_1548172597279 pofo-row-responsive-69f58f8dd76b9\"><div class=\"wpb_column vc_column_container vc_col-sm-12  col-xs-mobile-fullwidth pofo-column-responsive-69f58f8dd770f\"><div class=\"vc_column-inner  no-column-padding\"><div class=\"wpb_wrapper\"><div class=\"pofo-blog-grid\"><div class=\"col-3-nth-item gutter-large blog-post-gutter\"><\/div><\/div><\/div><\/div><\/div><\/section><section data-vc-full-width=\"true\" data-vc-full-width-init=\"false\" class=\"vc_row wpb_row vc_row-fluid  vc_custom_1548235206547 wow fadeIn pofo-stretch-content pofo-stretch-row-container\"><div class=\"wpb_column vc_column_container vc_col-sm-12  col-xs-mobile-fullwidth\"><div class=\"vc_column-inner \"><div class=\"wpb_wrapper\"><div class=\"separator-line-horrizontal-full bg-extra-light-gray center-col pofo-separator\" style=\"background-color:#dddddd;\"><\/div><\/div><\/div><\/div><\/section><div class=\"vc_row-full-width vc_clearfix\"><\/div><section class=\"vc_row wpb_row vc_row-fluid  vc_custom_1507203335493 wow fadeIn\"><div class=\"wpb_column vc_column_container vc_col-sm-12  col-xs-mobile-fullwidth text-center\"><div class=\"vc_column-inner \"><div class=\"wpb_wrapper\"><div class=\"text-medium-gray text-small margin-5px-bottom alt-font text-uppercase heading-style4  vc_custom_1548172798648  heading-4\" >Buru Beltza<\/div><h5 class=\"text-extra-dark-gray margin-20px-bottom font-weight-600 display-inline-block alt-font text-uppercase heading-style2  vc_custom_1566320046834  heading-5\"  style=\"font-weight: 700;\">Gure partaideak<\/h5><div class=\"separator-line-horrizontal-full bg-extra-light-gray center-col pofo-separator  vc_custom_1548235111602\" style=\"background-color:#97bf0d; width: 100px;\"><\/div><\/div><\/div><\/div><\/section><section data-vc-full-width=\"true\" data-vc-full-width-init=\"false\" class=\"vc_row wpb_row vc_row-fluid   wow fadeIn pofo-stretch-content pofo-stretch-row-container\"><div class=\"wpb_column vc_column_container vc_col-sm-12  col-xs-mobile-fullwidth\"><div class=\"vc_column-inner \"><div class=\"wpb_wrapper\"><div id=\"pofo-client-image-slider-1\" class=\"swiper-container pofo-client-image-slider-1  black-move\"><div class=\"swiper-wrapper\"><div class=\"swiper-slide slide-content-middle text-center\"><\/div><div class=\"swiper-slide slide-content-middle text-center\"><\/div><div class=\"swiper-slide slide-content-middle text-center\"><\/div><div class=\"swiper-slide slide-content-middle text-center\"><img src=\"https:\/\/buru-beltza.com\/wp-content\/uploads\/2019\/01\/CAPB.jpg\" width=\"225\" height=\"110\" alt=\"\" srcset=\"https:\/\/buru-beltza.com\/wp-content\/uploads\/2019\/01\/CAPB.jpg 225w, https:\/\/buru-beltza.com\/wp-content\/uploads\/2019\/01\/CAPB-81x40.jpg 81w\" sizes=\"(max-width: 225px) 100vw, 225px\"\/><\/div><\/div><\/div><\/div><\/div><\/div><\/section><div class=\"vc_row-full-width vc_clearfix\"><\/div>\n","protected":false},"excerpt":{"rendered":"[rev_slider_vc alias=\"buru-beltza\"][vc_single_image image=\"21354\" img_size=\"full\" alignment=\"center\"][vc_single_image image=\"21355\" img_size=\"full\" alignment=\"center\"]Buru Beltza , etorkizuneko ardiaBuru beltzekin ari diren etxaldeak, gehienetan mendietako etxalde ttipiak dira. Lurralde horiek bizirik mantentzen dituzte, ingurumen eta sozial arloan diren erronka nagusier erantzun positibo bat ekarriz. En savoir +BURU BELTZAGURE PRODUKTUAKBuru beltzen produktuak aurki itzazu gasna, axuria... EN SAVOIR +BURU BELTZAABISUAKKideen arteko abisuak EN SAVOIR +BURU BELTZAELKARTEAAitzinera ezarri arrazaren eta mendia erabiltzen duten sistimen garrantzia En savoir +Buru BeltzaGure azken berriakBuru BeltzaGure partaideak","protected":false},"author":2,"featured_media":0,"parent":0,"menu_order":0,"comment_status":"closed","ping_status":"closed","template":"","meta":[],"yoast_head":"<!-- This site is optimized with the Yoast SEO plugin v15.7 - https:\/\/yoast.com\/wordpress\/plugins\/seo\/ -->\n<title>BURU BELTZA | MANEX T\u00caTE NOIRE<\/title>\n<meta name=\"description\" content=\"BURU BELTZA , une brebis d&#039;avenir. Les \u00e9levages de Manex T\u00eate Noire se situent la plupart du temps sur de petites exploitations de montagne qui jouent un r\u00f4le primordial pour le maintien en vie des territoires difficiles avec des impacts environnementaux et sociaux majeurs.\" \/>\n<meta name=\"robots\" content=\"index, follow, max-snippet:-1, max-image-preview:large, max-video-preview:-1\" \/>\n<link rel=\"canonical\" href=\"https:\/\/buru-beltza.com\/eu\/\" \/>\n<meta property=\"og:locale\" content=\"en_US\" \/>\n<meta property=\"og:type\" content=\"article\" \/>\n<meta property=\"og:title\" content=\"BURU BELTZA | MANEX T\u00caTE NOIRE\" \/>\n<meta property=\"og:description\" content=\"BURU BELTZA , une brebis d&#039;avenir. Les \u00e9levages de Manex T\u00eate Noire se situent la plupart du temps sur de petites exploitations de montagne qui jouent un r\u00f4le primordial pour le maintien en vie des territoires difficiles avec des impacts environnementaux et sociaux majeurs.\" \/>\n<meta property=\"og:url\" content=\"https:\/\/buru-beltza.com\/eu\/\" \/>\n<meta property=\"og:site_name\" content=\"Buru Beltza\" \/>\n<meta property=\"article:publisher\" content=\"https:\/\/www.facebook.com\/Association-Buru-Beltza-661428504043495\/\" \/>\n<meta property=\"article:modified_time\" content=\"2023-05-09T12:32:49+00:00\" \/>\n<meta name=\"twitter:card\" content=\"summary_large_image\" \/>\n<meta name=\"twitter:label1\" content=\"Est. reading time\">\n\t<meta name=\"twitter:data1\" content=\"7 minutua\">\n<script type=\"application\/ld+json\" class=\"yoast-schema-graph\">{\"@context\":\"https:\/\/schema.org\",\"@graph\":[{\"@type\":\"Organization\",\"@id\":\"https:\/\/buru-beltza.com\/#organization\",\"name\":\"BURU BELTZA\",\"url\":\"https:\/\/buru-beltza.com\/\",\"sameAs\":[\"https:\/\/www.facebook.com\/Association-Buru-Beltza-661428504043495\/\"],\"logo\":{\"@type\":\"ImageObject\",\"@id\":\"https:\/\/buru-beltza.com\/#logo\",\"inLanguage\":\"eu\",\"url\":\"https:\/\/buru-beltza.com\/wp-content\/uploads\/2019\/01\/LOGO-BURU-BELTZAX2.png\",\"width\":1081,\"height\":465,\"caption\":\"BURU BELTZA\"},\"image\":{\"@id\":\"https:\/\/buru-beltza.com\/#logo\"}},{\"@type\":\"WebSite\",\"@id\":\"https:\/\/buru-beltza.com\/#website\",\"url\":\"https:\/\/buru-beltza.com\/\",\"name\":\"Buru Beltza\",\"description\":\"Manex T\\u00eate Noire\",\"publisher\":{\"@id\":\"https:\/\/buru-beltza.com\/#organization\"},\"potentialAction\":[{\"@type\":\"SearchAction\",\"target\":\"https:\/\/buru-beltza.com\/?s={search_term_string}\",\"query-input\":\"required name=search_term_string\"}],\"inLanguage\":\"eu\"},{\"@type\":\"WebPage\",\"@id\":\"https:\/\/buru-beltza.com\/eu\/#webpage\",\"url\":\"https:\/\/buru-beltza.com\/eu\/\",\"name\":\"BURU BELTZA | MANEX T\\u00caTE NOIRE\",\"isPartOf\":{\"@id\":\"https:\/\/buru-beltza.com\/#website\"},\"datePublished\":\"2019-01-22T15:49:51+00:00\",\"dateModified\":\"2023-05-09T12:32:49+00:00\",\"description\":\"BURU BELTZA , une brebis d'avenir. Les \\u00e9levages de Manex T\\u00eate Noire se situent la plupart du temps sur de petites exploitations de montagne qui jouent un r\\u00f4le primordial pour le maintien en vie des territoires difficiles avec des impacts environnementaux et sociaux majeurs.\",\"inLanguage\":\"eu\",\"potentialAction\":[{\"@type\":\"ReadAction\",\"target\":[\"https:\/\/buru-beltza.com\/eu\/\"]}]}]}<\/script>\n<!-- \/ Yoast SEO plugin. -->","_links":{"self":[{"href":"https:\/\/buru-beltza.com\/eu\/wp-json\/wp\/v2\/pages\/21882"}],"collection":[{"href":"https:\/\/buru-beltza.com\/eu\/wp-json\/wp\/v2\/pages"}],"about":[{"href":"https:\/\/buru-beltza.com\/eu\/wp-json\/wp\/v2\/types\/page"}],"author":[{"embeddable":true,"href":"https:\/\/buru-beltza.com\/eu\/wp-json\/wp\/v2\/users\/2"}],"replies":[{"embeddable":true,"href":"https:\/\/buru-beltza.com\/eu\/wp-json\/wp\/v2\/comments?post=21882"}],"version-history":[{"count":5,"href":"https:\/\/buru-beltza.com\/eu\/wp-json\/wp\/v2\/pages\/21882\/revisions"}],"predecessor-version":[{"id":22578,"href":"https:\/\/buru-beltza.com\/eu\/wp-json\/wp\/v2\/pages\/21882\/revisions\/22578"}],"wp:attachment":[{"href":"https:\/\/buru-beltza.com\/eu\/wp-json\/wp\/v2\/media?parent=21882"}],"curies":[{"name":"wp","href":"https:\/\/api.w.org\/{rel}","templated":true}]}}